{"id":3038,"date":"2018-07-22T19:42:12","date_gmt":"2018-07-22T19:42:12","guid":{"rendered":"https:\/\/luciadesu.com\/lucia-de-su\/collections\/"},"modified":"2018-07-25T12:46:59","modified_gmt":"2018-07-25T12:46:59","slug":"collections","status":"publish","type":"page","link":"https:\/\/luciadesu.com\/en\/luciadesu\/collections\/","title":{"rendered":"COLLECTIONS"},"content":{"rendered":"<p>[vc_row full_width=&#8221;stretch_row_content&#8221; content_placement=&#8221;middle&#8221;][vc_column width=&#8221;1\/3&#8243;][\/vc_column][vc_column width=&#8221;1\/3&#8243;][vc_custom_heading text=&#8221;COLLECTIONS&#8221; font_container=&#8221;tag:h1|font_size:36px|text_align:center|color:%237b6a58&#8243; google_fonts=&#8221;font_family:Quicksand%3A300%2Cregular%2C700|font_style:400%20regular%3A400%3Anormal&#8221; css_animation=&#8221;fadeInDown&#8221; css=&#8221;.vc_custom_1525519053570{border-bottom-width: 1px !important;padding-bottom: 20px !important;border-bottom-color: #7b6a58 !important;border-bottom-style: solid !important;}&#8221;][vc_empty_space height=&#8221;75px&#8221;][\/vc_column][vc_column width=&#8221;1\/3&#8243;][\/vc_column][\/vc_row][vc_row gap=&#8221;5&#8243; content_placement=&#8221;middle&#8221; css_animation=&#8221;top-to-bottom&#8221; css=&#8221;.vc_custom_1527025385578{margin-bottom: 100px !important;}&#8221;][vc_column width=&#8221;1\/3&#8243; column_custom_height=&#8221;300px&#8221;][vc_hoverbox image=&#8221;2429&#8243; primary_title=&#8221;&#8221; primary_title_font_container=&#8221;color:%237b6a58&#8243; primary_title_google_fonts=&#8221;font_family:Quicksand%3A300%2Cregular%2C700|font_style:700%20bold%20regular%3A700%3Anormal&#8221; hover_title=&#8221;AMANI &#8211; 2016&#8243; hover_title_font_container=&#8221;color:%237b6a58&#8243; hover_title_google_fonts=&#8221;font_family:Quicksand%3A300%2Cregular%2C700|font_style:700%20bold%20regular%3A700%3Anormal&#8221; hover_background_color=&#8221;custom&#8221; use_custom_fonts_primary_title=&#8221;true&#8221; use_custom_fonts_hover_title=&#8221;true&#8221; primary_title_link=&#8221;url:https%3A%2F%2Fluciadesu.com%2Fen%2Flucia-de-su%2Fcollections%2Famani-2016%2F|title:AMANI%20-%202016|&#8221; hover_title_link=&#8221;url:https%3A%2F%2Fluciadesu.com%2Fen%2Flucia-de-su%2Fcollections%2Famani-2016%2F|title:AMANI|&#8221; hover_custom_background=&#8221;#fdd334&#8243;]<\/p>\n<p>&nbsp;<\/p>\n<p>[\/vc_hoverbox][\/vc_column][vc_column width=&#8221;1\/3&#8243; text_alignment=&#8221;center&#8221; column_custom_height=&#8221;300px&#8221;][vc_hoverbox image=&#8221;2430&#8243; primary_title=&#8221;&#8221; primary_title_font_container=&#8221;color:%237b6a58&#8243; primary_title_google_fonts=&#8221;font_family:Quicksand%3A300%2Cregular%2C700|font_style:700%20bold%20regular%3A700%3Anormal&#8221; hover_title=&#8221;LA MEMORIA DEL CORAZ\u00d3N &#8211; 2017&#8243; hover_title_font_container=&#8221;color:%237b6a58&#8243; hover_title_google_fonts=&#8221;font_family:Quicksand%3A300%2Cregular%2C700|font_style:700%20bold%20regular%3A700%3Anormal&#8221; hover_background_color=&#8221;custom&#8221; use_custom_fonts_primary_title=&#8221;true&#8221; use_custom_fonts_hover_title=&#8221;true&#8221; primary_title_link=&#8221;url:https%3A%2F%2Fluciadesu.com%2Fen%2Flucia-de-su%2Fcollections%2Fla-memoria-del-corazon-2017%2F|title:LA%20MEMORIA%20DEL%20CORAZ%C3%93N%20-%202017|&#8221; hover_title_link=&#8221;url:https%3A%2F%2Fluciadesu.com%2Fen%2Flucia-de-su%2Fcollections%2Fla-memoria-del-corazon-2017%2F|title:LA%20MEMORIA%20DEL%20CORAZ%C3%93N|&#8221; hover_custom_background=&#8221;#fdd334&#8243;]<\/p>\n<p>&nbsp;<\/p>\n<p>&nbsp;<\/p>\n<p>[\/vc_hoverbox][\/vc_column][vc_column width=&#8221;1\/3&#8243; column_custom_height=&#8221;300px&#8221;][vc_hoverbox image=&#8221;2431&#8243; primary_title=&#8221;&#8221; primary_title_font_container=&#8221;color:%237b6a58&#8243; primary_title_google_fonts=&#8221;font_family:Quicksand%3A300%2Cregular%2C700|font_style:700%20bold%20regular%3A700%3Anormal&#8221; hover_title=&#8221;NZURI &#8211; 2018&#8243; hover_title_font_container=&#8221;color:%237b6a58&#8243; hover_title_google_fonts=&#8221;font_family:Quicksand%3A300%2Cregular%2C700|font_style:700%20bold%20regular%3A700%3Anormal&#8221; hover_background_color=&#8221;custom&#8221; use_custom_fonts_primary_title=&#8221;true&#8221; use_custom_fonts_hover_title=&#8221;true&#8221; primary_title_link=&#8221;url:https%3A%2F%2Fluciadesu.com%2Fen%2Flucia-de-su%2Fcollections%2Fnzuri-2018%2F|title:NZURI%20-%202018|&#8221; hover_title_link=&#8221;url:https%3A%2F%2Fluciadesu.com%2Fen%2Flucia-de-su%2Fcollections%2Fnzuri-2018%2F|title:NZURI|&#8221; hover_custom_background=&#8221;#fdd334&#8243;]<\/p>\n<p>&nbsp;<\/p>\n<p>[\/vc_hoverbox][\/vc_column][\/vc_row]<\/p>\n","protected":false},"excerpt":{"rendered":"<p>[vc_row full_width=&#8221;stretch_row_content&#8221; content_placement=&#8221;middle&#8221;][vc_column width=&#8221;1\/3&#8243;][\/vc_column][vc_column width=&#8221;1\/3&#8243;][vc_custom_heading text=&#8221;COLLECTIONS&#8221; font_container=&#8221;tag:h1|font_size:36px|text_align:center|color:%237b6a58&#8243; google_fonts=&#8221;font_family:Quicksand%3A300%2Cregular%2C700|font_style:400%20regular%3A400%3Anormal&#8221; css_animation=&#8221;fadeInDown&#8221; css=&#8221;.vc_custom_1525519053570{border-bottom-width: 1px !important;padding-bottom: 20px !important;border-bottom-color: #7b6a58 !important;border-bottom-style: solid !important;}&#8221;][vc_empty_space height=&#8221;75px&#8221;][\/vc_column][vc_column width=&#8221;1\/3&#8243;][\/vc_column][\/vc_row][vc_row.<\/p>\n","protected":false},"author":1,"featured_media":0,"parent":3011,"menu_order":0,"comment_status":"closed","ping_status":"closed","template":"","meta":[],"yoast_head":"<!-- This site is optimized with the Yoast SEO plugin v18.9 - https:\/\/yoast.com\/wordpress\/plugins\/seo\/ -->\n<title>COLLECTIONS - LUCIA DE SU<\/title>\n<meta name=\"description\" content=\"Colecciones de la l\u00ednea de moda de la dise\u00f1adora LUCIA DE SU. \u00c1frica hecha moda.\" \/>\n<meta name=\"robots\" content=\"index, follow, max-snippet:-1, max-image-preview:large, max-video-preview:-1\" \/>\n<link rel=\"canonical\" href=\"https:\/\/luciadesu.com\/en\/luciadesu\/collections\/\" \/>\n<meta property=\"og:locale\" content=\"en_US\" \/>\n<meta property=\"og:type\" content=\"article\" \/>\n<meta property=\"og:title\" content=\"COLLECTIONS - LUCIA DE SU\" \/>\n<meta property=\"og:description\" content=\"Colecciones de la l\u00ednea de moda de la dise\u00f1adora LUCIA DE SU. \u00c1frica hecha moda.\" \/>\n<meta property=\"og:url\" content=\"https:\/\/luciadesu.com\/en\/luciadesu\/collections\/\" \/>\n<meta property=\"article:publisher\" content=\"https:\/\/www.facebook.com\/Luciadesu.oficial\/\" \/>\n<meta property=\"article:modified_time\" content=\"2018-07-25T12:46:59+00:00\" \/>\n<meta name=\"twitter:card\" content=\"summary_large_image\" \/>\n<meta name=\"twitter:site\" content=\"@luciadesu1\" \/>\n<meta name=\"twitter:label1\" content=\"Est. reading time\" \/>\n\t<meta name=\"twitter:data1\" content=\"2 minutes\" \/>\n<script type=\"application\/ld+json\" class=\"yoast-schema-graph\">{\"@context\":\"https:\/\/schema.org\",\"@graph\":[{\"@type\":\"Organization\",\"@id\":\"https:\/\/luciadesu.com\/#organization\",\"name\":\"LUCIA DE SU\",\"url\":\"https:\/\/luciadesu.com\/\",\"sameAs\":[\"https:\/\/www.instagram.com\/luciadesu\/\",\"https:\/\/www.facebook.com\/Luciadesu.oficial\/\",\"https:\/\/twitter.com\/luciadesu1\"],\"logo\":{\"@type\":\"ImageObject\",\"inLanguage\":\"en-US\",\"@id\":\"https:\/\/luciadesu.com\/#\/schema\/logo\/image\/\",\"url\":\"https:\/\/luciadesu.com\/wp-content\/uploads\/2018\/04\/ms-icon-70x70-1.png\",\"contentUrl\":\"https:\/\/luciadesu.com\/wp-content\/uploads\/2018\/04\/ms-icon-70x70-1.png\",\"width\":70,\"height\":70,\"caption\":\"LUCIA DE SU\"},\"image\":{\"@id\":\"https:\/\/luciadesu.com\/#\/schema\/logo\/image\/\"}},{\"@type\":\"WebSite\",\"@id\":\"https:\/\/luciadesu.com\/#website\",\"url\":\"https:\/\/luciadesu.com\/\",\"name\":\"\",\"description\":\"LUCIA DE SU\",\"publisher\":{\"@id\":\"https:\/\/luciadesu.com\/#organization\"},\"potentialAction\":[{\"@type\":\"SearchAction\",\"target\":{\"@type\":\"EntryPoint\",\"urlTemplate\":\"https:\/\/luciadesu.com\/?s={search_term_string}\"},\"query-input\":\"required name=search_term_string\"}],\"inLanguage\":\"en-US\"},{\"@type\":\"WebPage\",\"@id\":\"https:\/\/luciadesu.com\/en\/luciadesu\/collections\/#webpage\",\"url\":\"https:\/\/luciadesu.com\/en\/luciadesu\/collections\/\",\"name\":\"COLLECTIONS - LUCIA DE SU\",\"isPartOf\":{\"@id\":\"https:\/\/luciadesu.com\/#website\"},\"datePublished\":\"2018-07-22T19:42:12+00:00\",\"dateModified\":\"2018-07-25T12:46:59+00:00\",\"description\":\"Colecciones de la l\u00ednea de moda de la dise\u00f1adora LUCIA DE SU. \u00c1frica hecha moda.\",\"breadcrumb\":{\"@id\":\"https:\/\/luciadesu.com\/en\/luciadesu\/collections\/#breadcrumb\"},\"inLanguage\":\"en-US\",\"potentialAction\":[{\"@type\":\"ReadAction\",\"target\":[\"https:\/\/luciadesu.com\/en\/luciadesu\/collections\/\"]}]},{\"@type\":\"BreadcrumbList\",\"@id\":\"https:\/\/luciadesu.com\/en\/luciadesu\/collections\/#breadcrumb\",\"itemListElement\":[{\"@type\":\"ListItem\",\"position\":1,\"name\":\"Home\",\"item\":\"https:\/\/luciadesu.com\/en\/\"},{\"@type\":\"ListItem\",\"position\":2,\"name\":\"LUCIA DE SU\",\"item\":\"https:\/\/luciadesu.com\/en\/\"},{\"@type\":\"ListItem\",\"position\":3,\"name\":\"COLLECTIONS\"}]}]}<\/script>\n<!-- \/ Yoast SEO plugin. -->","yoast_head_json":{"title":"COLLECTIONS - LUCIA DE SU","description":"Colecciones de la l\u00ednea de moda de la dise\u00f1adora LUCIA DE SU. \u00c1frica hecha moda.","robots":{"index":"index","follow":"follow","max-snippet":"max-snippet:-1","max-image-preview":"max-image-preview:large","max-video-preview":"max-video-preview:-1"},"canonical":"https:\/\/luciadesu.com\/en\/luciadesu\/collections\/","og_locale":"en_US","og_type":"article","og_title":"COLLECTIONS - LUCIA DE SU","og_description":"Colecciones de la l\u00ednea de moda de la dise\u00f1adora LUCIA DE SU. \u00c1frica hecha moda.","og_url":"https:\/\/luciadesu.com\/en\/luciadesu\/collections\/","article_publisher":"https:\/\/www.facebook.com\/Luciadesu.oficial\/","article_modified_time":"2018-07-25T12:46:59+00:00","twitter_card":"summary_large_image","twitter_site":"@luciadesu1","twitter_misc":{"Est. reading time":"2 minutes"},"schema":{"@context":"https:\/\/schema.org","@graph":[{"@type":"Organization","@id":"https:\/\/luciadesu.com\/#organization","name":"LUCIA DE SU","url":"https:\/\/luciadesu.com\/","sameAs":["https:\/\/www.instagram.com\/luciadesu\/","https:\/\/www.facebook.com\/Luciadesu.oficial\/","https:\/\/twitter.com\/luciadesu1"],"logo":{"@type":"ImageObject","inLanguage":"en-US","@id":"https:\/\/luciadesu.com\/#\/schema\/logo\/image\/","url":"https:\/\/luciadesu.com\/wp-content\/uploads\/2018\/04\/ms-icon-70x70-1.png","contentUrl":"https:\/\/luciadesu.com\/wp-content\/uploads\/2018\/04\/ms-icon-70x70-1.png","width":70,"height":70,"caption":"LUCIA DE SU"},"image":{"@id":"https:\/\/luciadesu.com\/#\/schema\/logo\/image\/"}},{"@type":"WebSite","@id":"https:\/\/luciadesu.com\/#website","url":"https:\/\/luciadesu.com\/","name":"","description":"LUCIA DE SU","publisher":{"@id":"https:\/\/luciadesu.com\/#organization"},"potentialAction":[{"@type":"SearchAction","target":{"@type":"EntryPoint","urlTemplate":"https:\/\/luciadesu.com\/?s={search_term_string}"},"query-input":"required name=search_term_string"}],"inLanguage":"en-US"},{"@type":"WebPage","@id":"https:\/\/luciadesu.com\/en\/luciadesu\/collections\/#webpage","url":"https:\/\/luciadesu.com\/en\/luciadesu\/collections\/","name":"COLLECTIONS - LUCIA DE SU","isPartOf":{"@id":"https:\/\/luciadesu.com\/#website"},"datePublished":"2018-07-22T19:42:12+00:00","dateModified":"2018-07-25T12:46:59+00:00","description":"Colecciones de la l\u00ednea de moda de la dise\u00f1adora LUCIA DE SU. \u00c1frica hecha moda.","breadcrumb":{"@id":"https:\/\/luciadesu.com\/en\/luciadesu\/collections\/#breadcrumb"},"inLanguage":"en-US","potentialAction":[{"@type":"ReadAction","target":["https:\/\/luciadesu.com\/en\/luciadesu\/collections\/"]}]},{"@type":"BreadcrumbList","@id":"https:\/\/luciadesu.com\/en\/luciadesu\/collections\/#breadcrumb","itemListElement":[{"@type":"ListItem","position":1,"name":"Home","item":"https:\/\/luciadesu.com\/en\/"},{"@type":"ListItem","position":2,"name":"LUCIA DE SU","item":"https:\/\/luciadesu.com\/en\/"},{"@type":"ListItem","position":3,"name":"COLLECTIONS"}]}]}},"_links":{"self":[{"href":"https:\/\/luciadesu.com\/en\/wp-json\/wp\/v2\/pages\/3038\/"}],"collection":[{"href":"https:\/\/luciadesu.com\/en\/wp-json\/wp\/v2\/pages\/"}],"about":[{"href":"https:\/\/luciadesu.com\/en\/wp-json\/wp\/v2\/types\/page\/"}],"author":[{"embeddable":true,"href":"https:\/\/luciadesu.com\/en\/wp-json\/wp\/v2\/users\/1\/"}],"replies":[{"embeddable":true,"href":"https:\/\/luciadesu.com\/en\/wp-json\/wp\/v2\/comments\/?post=3038"}],"version-history":[{"count":2,"href":"https:\/\/luciadesu.com\/en\/wp-json\/wp\/v2\/pages\/3038\/revisions\/"}],"predecessor-version":[{"id":3245,"href":"https:\/\/luciadesu.com\/en\/wp-json\/wp\/v2\/pages\/3038\/revisions\/3245\/"}],"up":[{"embeddable":true,"href":"https:\/\/luciadesu.com\/en\/wp-json\/wp\/v2\/pages\/3011\/"}],"wp:attachment":[{"href":"https:\/\/luciadesu.com\/en\/wp-json\/wp\/v2\/media\/?parent=3038"}],"curies":[{"name":"wp","href":"https:\/\/api.w.org\/{rel}","templated":true}]}}